{"id":13219,"date":"2023-12-03T13:26:52","date_gmt":"2023-12-03T13:26:52","guid":{"rendered":"https:\/\/proresidencegermany.com\/privacy-and-cookie-policy\/"},"modified":"2023-12-03T13:47:33","modified_gmt":"2023-12-03T13:47:33","slug":"privacy-and-cookie-policy","status":"publish","type":"page","link":"https:\/\/proresidencegermany.com\/de\/privacy-and-cookie-policy\/","title":{"rendered":"Datenschutz und Cookie-Richtlinie"},"content":{"rendered":"\n<h2 class=\"wp-block-heading\">Cloudflare Datenschutzerkl\u00e4rung<\/h2>\n\n\n\n<p>Wir verwenden auf dieser Website Cloudflare der Firma Cloudflare, Inc. (101 Townsend St., San Francisco, CA 94107, USA) um die Website schneller und sicherer zu machen. Dabei verwendet Cloudflare Cookies und verarbeitet Besucherdaten \u00fcber die wir Sie im Folgenden informieren.<\/p>\n\n\n\n<p>Der Cookie von Cloudflare (__cfduid) wird verwendet, um einzelne Besucher hinter einer gemeinsam genutzten IP-Adresse zu identifizieren und Sicherheitseinstellungen f\u00fcr jeden einzelnen Besucher anzuwenden. Wenn sich ein Besucher dieser Website zum Beispiel in einem Lokal befindet, in dem sich eine Reihe infizierter Computer befinden, aber der Computer des bestimmten Besuchers vertrauensw\u00fcrdig ist, k\u00f6nnen wir dies anhand des Cookies erkennen. Der Cookie entspricht keiner Benutzer-ID und speichert keine personenbezogenen Daten.<br>Dieser Cookie ist f\u00fcr die Cloudflare-Sicherheitsfunktionen unbedingt erforderlich und kann nicht deaktiviert werden.<\/p>\n\n\n\n<h3 class=\"wp-block-heading\"><strong>Cookies von Cloudflare<\/strong><\/h3>\n\n\n\n<p>\u00a7 Name: _ga<br>\u00a7 Ablaufzeit: 1 Jahr<br>\u00a7 Verwendung: Sicherheitseinstellungen f\u00fcr jeden einzelnen Besucher<br>\u00a7 Beispielhafter Wert: d798bf7df9c1ad5b7583eda5cc5e78311097334<\/p>\n\n\n\n<p>Cloudflare bietet Web-Optimierung und Sicherheitsdienste, um Websites zu verbessern und zu sch\u00fctzen. Dazu geh\u00f6ren ein Reverse-Proxy, ein Passthrough-Sicherheitsdienst und ein Content-Verteilungsnetzwerk. Cloudflare erfasst Informationen der Webseitebesucher. Diese Information kann IP-Adressen, Systemkonfigurationsinformationen und andere Informationen \u00fcber den Verkehr von und zur Website umfassen, ist aber nicht darauf beschr\u00e4nkt. Cloudflare erfasst und verwendet Logdaten, um ihre Dienstleistungen gem\u00e4\u00df der Kundenvereinbarungen zu betreiben, zu warten und zu verbessern. Zum Beispiel k\u00f6nnen Logdaten Cloudflare dabei helfen, neue Bedrohungen zu erkennen, b\u00f6swillige Dritte zu identifizieren und dieser Website einen stabileren Sicherheitsschutz zu bieten.<\/p>\n\n\n\n<p>Cloudflare ist aktiver Teilnehmer beim EU-U.S. Privacy Shield Framework wodurch der korrekte und sichere Datentransfer pers\u00f6nlicher Daten geregelt wird. Mehr Informationen dazu finden Sie auf&nbsp;<a href=\"https:\/\/www.privacyshield.gov\/participant?id=a2zt0000000GnZKAA0&amp;tid=311097334\" rel=\"noopener\">https:\/\/www.privacyshield.gov\/participant?id=a2zt0000000GnZKAA0<\/a>.<br>Mehr Informationen zum Datenschutz bei Cloudflare finden Sie auf&nbsp;<a href=\"https:\/\/www.cloudflare.com\/de-de\/privacypolicy\/?tid=311097334\" rel=\"noopener\">https:\/\/www.cloudflare.com\/de-de\/privacypolicy\/<\/a>.<\/p>\n\n\n\n<h3 class=\"wp-block-heading\"><strong>Google Fonts Datenschutzerkl\u00e4rung<\/strong><\/h3>\n\n\n\n<p>Wir verwenden Google Fonts der Firma Google Inc. (1600 Amphitheatre Parkway Mountain View, CA 94043, USA) auf unserer Webseite. Die Verwendung von Google Fonts erfolgt ohne Authentisierung und es werden keine Cookies and die Google Fonts API gesendet. Sollten Sie ein Konto bei Google haben, werden keine Ihrer Google-Kontodaten an Google w\u00e4hrend der Nutzung von Google Fonts \u00fcbermittelt. Google erfasst lediglich die Nutzung von CSS und der verwendeten Fonts und speichert diese Daten sicher. Mehr zu diesen und weiteren Fragen finden Sie auf&nbsp;<a href=\"https:\/\/developers.google.com\/fonts\/faq\" rel=\"noopener\">https:\/\/developers.google.com\/fonts\/faq?tid=311097334<\/a>.<\/p>\n\n\n\n<p>Welche Daten von Google erfasst werden und wof\u00fcr diese Daten verwendet werden, k\u00f6nnen Sie auf&nbsp;<a href=\"https:\/\/www.google.com\/intl\/de\/policies\/privacy\/\" rel=\"noopener\">https:\/\/www.google.com\/intl\/de\/policies\/privacy\/<\/a>&nbsp;nachlesen.<\/p>\n\n\n\n<p>Quelle: Erstellt mit dem Datenschutz Generator von&nbsp;<a href=\"https:\/\/www.adsimple.de\/datenschutz-generator\/\" rel=\"noopener\">Content Marketing Agentur AdSimple.de<\/a>&nbsp;in Kooperation mit&nbsp;<a href=\"https:\/\/www.metaimmo.com\/\" rel=\"noopener\">metaimmo.com<\/a><\/p>\n\n\n\n<h4 class=\"wp-block-heading\"><strong>Cookies- Richtlinie<\/strong><\/h4>\n\n\n\n<p>Unsere Website verwendet HTTP-Cookies um nutzerspezifische Daten zu speichern.<br>Ein Cookie ist ein kurzes Datenpaket, welches zwischen Webbrowser und Webserver ausgetauscht wird, f\u00fcr diese aber v\u00f6llig bedeutungslos ist und erst f\u00fcr die Webanwendung, z. B. einen Online-Shop, eine Bedeutung erh\u00e4lt, etwa den Inhalt eines virtuellen Warenkorbes.<\/p>\n\n\n\n<p>Es gibt zwei Arten von Cookies: Erstanbieter-Cookies werden von unserer Website erstellt, Drittanbieter-Cookies werden von anderen Websites (z. B. Google Analytics) erstellt.<\/p>\n\n\n\n<p>Beispielhafte Cookiedaten:<br>\u00a7 Name: _ga<br>\u00a7 Ablaufzeit: 2 Jahre<br>\u00a7 Verwendung: Unterscheidung der Webseitenbesucher<br>\u00a7 Beispielhafter Wert: GA1.2.1326744211.152311097334<\/p>\n\n\n\n<p>Man unterscheidet drei Kategorien von Cookies: unbedingt notwendige Cookies um grundlegende Funktionen der Website sicherzustellen, funktionelle Cookies um die Leistung der Webseite sicherzustellen und zielorientierte Cookies um das Benutzererlebnis zu verbessern.<\/p>\n\n\n\n<p>Wir nutzen Cookies, um unsere Webseite nutzerfreundlicher zu gestalten. Einige Cookies bleiben auf Ihrem Endger\u00e4t gespeichert, bis Sie diese l\u00f6schen. Sie erm\u00f6glichen es uns, Ihren Browser beim n\u00e4chsten Besuch wiederzuerkennen.<\/p>\n\n\n\n<p><\/p>\n\n\n\n<h4 class=\"wp-block-heading\"><strong>Cookie Einstellungen sehen und Cookies l\u00f6schen<\/strong><\/h4>\n\n\n\n<p>Wenn Sie feststellen m\u00f6chten, welche Cookies in Ihrem Browser gespeichert wurden, Cookie-Einstellungen \u00e4ndern oder Cookies l\u00f6schen m\u00f6chten, k\u00f6nnen Sie dies in Ihren Browser-Einstellungen finden:<\/p>\n\n\n\n<p>\u00a7&nbsp;<a href=\"https:\/\/support.apple.com\/de-de\/guide\/safari\/sfri11471\/mac\" rel=\"noopener\">Safari: Verwalten von Cookies und Websitedaten mit Safari<\/a><br>\u00a7&nbsp;<a href=\"https:\/\/support.mozilla.org\/de\/kb\/cookies-loeschen-daten-von-websites-entfernen\" rel=\"noopener\">Firefox: Cookies l\u00f6schen, um Daten zu entfernen, die Websites auf Ihrem Computer abgelegt haben<\/a><br>\u00a7&nbsp;<a href=\"https:\/\/support.google.com\/chrome\/answer\/95647?co=GENIE.Platform%3DDesktop&amp;hl=de\" rel=\"noopener\">Chrome: Cookies in Chrome l\u00f6schen, aktivieren und verwalten<\/a><br>\u00a7&nbsp;<a href=\"https:\/\/support.microsoft.com\/de-de\/help\/17442\/windows-internet-explorer-delete-manage-cookies\" rel=\"noopener\">Internet Explorer: L\u00f6schen und Verwalten von Cookies<\/a><\/p>\n\n\n\n<p>Wenn Sie die Speicherung von Daten in Cookies nicht w\u00fcnschen, so k\u00f6nnen Sie Ihren Browser so einrichten, dass er Sie \u00fcber das Setzen von Cookies informiert und Sie dies nur im Einzelfall erlauben. Sie k\u00f6nnen jederzeit Cookies, die sich bereits auf Ihrem Computer befinden, l\u00f6schen oder Cookies deaktivieren. Die Vorgangsweise dazu ist nach Browser unterschiedlich, am besten Sie suchen die Anleitung in Google mit dem Suchbegriff &#8222;Cookies l\u00f6schen Chrome&#8220; oder &#8222;Cookies deaktivieren Chrome&#8220; im Falle eines Chrome Browsers oder tauschen das Wort &#8222;Chrome&#8220; gegen den Namen Ihres Browsers, z. B. Edge, Firefox, Safari aus.<br>Wenn Sie uns generell nicht gestatten, Cookies zu nutzen, d.h. diese per Browsereinstellung deaktivieren, k\u00f6nnen manche Funktionen und Seiten nicht wie erwartet funktionieren.<\/p>\n","protected":false},"excerpt":{"rendered":"<p>Cloudflare Datenschutzerkl\u00e4rung Wir verwenden auf dieser Website Cloudflare der Firma Cloudflare, Inc. (101 Townsend St., San Francisco, CA 94107, USA) um die Website schneller und sicherer zu machen. Dabei verwendet Cloudflare Cookies und verarbeitet Besucherdaten \u00fcber die wir Sie im Folgenden informieren. Der Cookie von Cloudflare (__cfduid) wird verwendet, um einzelne Besucher hinter einer gemeinsam [&hellip;]<\/p>\n","protected":false},"author":2,"featured_media":0,"parent":0,"menu_order":0,"comment_status":"closed","ping_status":"closed","template":"","meta":{"footnotes":""},"class_list":["post-13219","page","type-page","status-publish","hentry"],"_links":{"self":[{"href":"https:\/\/proresidencegermany.com\/de\/wp-json\/wp\/v2\/pages\/13219","targetHints":{"allow":["GET"]}}],"collection":[{"href":"https:\/\/proresidencegermany.com\/de\/wp-json\/wp\/v2\/pages"}],"about":[{"href":"https:\/\/proresidencegermany.com\/de\/wp-json\/wp\/v2\/types\/page"}],"author":[{"embeddable":true,"href":"https:\/\/proresidencegermany.com\/de\/wp-json\/wp\/v2\/users\/2"}],"replies":[{"embeddable":true,"href":"https:\/\/proresidencegermany.com\/de\/wp-json\/wp\/v2\/comments?post=13219"}],"version-history":[{"count":3,"href":"https:\/\/proresidencegermany.com\/de\/wp-json\/wp\/v2\/pages\/13219\/revisions"}],"predecessor-version":[{"id":13230,"href":"https:\/\/proresidencegermany.com\/de\/wp-json\/wp\/v2\/pages\/13219\/revisions\/13230"}],"wp:attachment":[{"href":"https:\/\/proresidencegermany.com\/de\/wp-json\/wp\/v2\/media?parent=13219"}],"curies":[{"name":"wp","href":"https:\/\/api.w.org\/{rel}","templated":true}]}}